{"id":56,"date":"2021-04-13T14:45:00","date_gmt":"2021-04-13T13:45:00","guid":{"rendered":"https:\/\/hugoshop.martinayhugo.com\/?post_type=product&#038;p=56"},"modified":"2024-05-09T09:40:38","modified_gmt":"2024-05-09T08:40:38","slug":"camiseta-dibujo-azul","status":"publish","type":"product","link":"https:\/\/hugoshop.martinayhugo.com\/index.php\/product\/camiseta-dibujo-azul\/","title":{"rendered":"Camiseta dibujo azul"},"content":{"rendered":"<p><img loading=\"lazy\" decoding=\"async\" class=\"alignnone size-medium wp-image-59\" src=\"https:\/\/hugoshop.martinayhugo.com\/wp-content\/uploads\/2021\/04\/1132737E-9D88-49E6-BBA6-C4567BD2FB09-300x265.jpeg\" alt=\"\" width=\"300\" height=\"265\" srcset=\"https:\/\/hugoshop.martinayhugo.com\/wp-content\/uploads\/2021\/04\/1132737E-9D88-49E6-BBA6-C4567BD2FB09-300x265.jpeg 300w, https:\/\/hugoshop.martinayhugo.com\/wp-content\/uploads\/2021\/04\/1132737E-9D88-49E6-BBA6-C4567BD2FB09-768x678.jpeg 768w, https:\/\/hugoshop.martinayhugo.com\/wp-content\/uploads\/2021\/04\/1132737E-9D88-49E6-BBA6-C4567BD2FB09-600x529.jpeg 600w, https:\/\/hugoshop.martinayhugo.com\/wp-content\/uploads\/2021\/04\/1132737E-9D88-49E6-BBA6-C4567BD2FB09.jpeg 850w\" sizes=\"auto, (max-width: 300px) 100vw, 300px\" \/><\/p>\n","protected":false},"excerpt":{"rendered":"<p>La parte de adelante es el logo y la de atr\u00e1s el dibujo. Esta camiseta la dise\u00f1e con mi compa\u00f1era Alejandra.<\/p>\n","protected":false},"featured_media":60,"comment_status":"open","ping_status":"closed","template":"","meta":[],"product_cat":[15],"product_tag":[],"class_list":{"0":"post-56","1":"product","2":"type-product","3":"status-publish","4":"has-post-thumbnail","6":"product_cat-uncategorized","8":"first","9":"instock","10":"shipping-taxable","11":"purchasable","12":"product-type-simple"},"aioseo_notices":[],"_links":{"self":[{"href":"https:\/\/hugoshop.martinayhugo.com\/index.php\/wp-json\/wp\/v2\/product\/56","targetHints":{"allow":["GET"]}}],"collection":[{"href":"https:\/\/hugoshop.martinayhugo.com\/index.php\/wp-json\/wp\/v2\/product"}],"about":[{"href":"https:\/\/hugoshop.martinayhugo.com\/index.php\/wp-json\/wp\/v2\/types\/product"}],"replies":[{"embeddable":true,"href":"https:\/\/hugoshop.martinayhugo.com\/index.php\/wp-json\/wp\/v2\/comments?post=56"}],"wp:featuredmedia":[{"embeddable":true,"href":"https:\/\/hugoshop.martinayhugo.com\/index.php\/wp-json\/wp\/v2\/media\/60"}],"wp:attachment":[{"href":"https:\/\/hugoshop.martinayhugo.com\/index.php\/wp-json\/wp\/v2\/media?parent=56"}],"wp:term":[{"taxonomy":"product_cat","embeddable":true,"href":"https:\/\/hugoshop.martinayhugo.com\/index.php\/wp-json\/wp\/v2\/product_cat?post=56"},{"taxonomy":"product_tag","embeddable":true,"href":"https:\/\/hugoshop.martinayhugo.com\/index.php\/wp-json\/wp\/v2\/product_tag?post=56"}],"curies":[{"name":"wp","href":"https:\/\/api.w.org\/{rel}","templated":true}]}}