{"id":54,"date":"2021-04-13T11:28:00","date_gmt":"2021-04-13T10:28:00","guid":{"rendered":"https:\/\/hugoshop.martinayhugo.com\/?post_type=product&#038;p=54"},"modified":"2024-05-10T07:19:37","modified_gmt":"2024-05-10T06:19:37","slug":"camiseta-leon","status":"publish","type":"product","link":"https:\/\/hugoshop.martinayhugo.com\/index.php\/product\/camiseta-leon\/","title":{"rendered":"Camiseta le\u00f3n"},"content":{"rendered":"","protected":false},"excerpt":{"rendered":"<p>En el momento que estaba dise\u00f1ando esta camiseta en mi iPad, a la misma vez estaba jugando con mi gato y por un instante me record\u00f3 a un le\u00f3n por eso lo puse en la camiseta.<\/p>\n","protected":false},"featured_media":55,"comment_status":"open","ping_status":"closed","template":"","meta":[],"product_cat":[15],"product_tag":[],"class_list":{"0":"post-54","1":"product","2":"type-product","3":"status-publish","4":"has-post-thumbnail","6":"product_cat-uncategorized","8":"first","9":"instock","10":"shipping-taxable","11":"purchasable","12":"product-type-simple"},"aioseo_notices":[],"_links":{"self":[{"href":"https:\/\/hugoshop.martinayhugo.com\/index.php\/wp-json\/wp\/v2\/product\/54","targetHints":{"allow":["GET"]}}],"collection":[{"href":"https:\/\/hugoshop.martinayhugo.com\/index.php\/wp-json\/wp\/v2\/product"}],"about":[{"href":"https:\/\/hugoshop.martinayhugo.com\/index.php\/wp-json\/wp\/v2\/types\/product"}],"replies":[{"embeddable":true,"href":"https:\/\/hugoshop.martinayhugo.com\/index.php\/wp-json\/wp\/v2\/comments?post=54"}],"wp:featuredmedia":[{"embeddable":true,"href":"https:\/\/hugoshop.martinayhugo.com\/index.php\/wp-json\/wp\/v2\/media\/55"}],"wp:attachment":[{"href":"https:\/\/hugoshop.martinayhugo.com\/index.php\/wp-json\/wp\/v2\/media?parent=54"}],"wp:term":[{"taxonomy":"product_cat","embeddable":true,"href":"https:\/\/hugoshop.martinayhugo.com\/index.php\/wp-json\/wp\/v2\/product_cat?post=54"},{"taxonomy":"product_tag","embeddable":true,"href":"https:\/\/hugoshop.martinayhugo.com\/index.php\/wp-json\/wp\/v2\/product_tag?post=54"}],"curies":[{"name":"wp","href":"https:\/\/api.w.org\/{rel}","templated":true}]}}