{"id":50,"date":"2021-04-13T09:25:06","date_gmt":"2021-04-13T08:25:06","guid":{"rendered":"https:\/\/hugoshop.martinayhugo.com\/?post_type=product&#038;p=50"},"modified":"2024-05-10T02:43:58","modified_gmt":"2024-05-10T01:43:58","slug":"camiseta-chico-playa","status":"publish","type":"product","link":"https:\/\/hugoshop.martinayhugo.com\/index.php\/product\/camiseta-chico-playa\/","title":{"rendered":"Camiseta chico playa"},"content":{"rendered":"","protected":false},"excerpt":{"rendered":"<p>En el momento que estaba dise\u00f1ando esta camiseta en mi iPad, estaba viendo una pel\u00edcula de Disney llamada Lilo y Stich y en una escena sal\u00eda un se\u00f1or parecido de manera que me apeteci\u00f3 hacerlo.<\/p>\n","protected":false},"featured_media":46,"comment_status":"open","ping_status":"closed","template":"","meta":[],"product_cat":[15],"product_tag":[],"class_list":{"0":"post-50","1":"product","2":"type-product","3":"status-publish","4":"has-post-thumbnail","6":"product_cat-uncategorized","8":"first","9":"instock","10":"shipping-taxable","11":"purchasable","12":"product-type-simple"},"aioseo_notices":[],"_links":{"self":[{"href":"https:\/\/hugoshop.martinayhugo.com\/index.php\/wp-json\/wp\/v2\/product\/50","targetHints":{"allow":["GET"]}}],"collection":[{"href":"https:\/\/hugoshop.martinayhugo.com\/index.php\/wp-json\/wp\/v2\/product"}],"about":[{"href":"https:\/\/hugoshop.martinayhugo.com\/index.php\/wp-json\/wp\/v2\/types\/product"}],"replies":[{"embeddable":true,"href":"https:\/\/hugoshop.martinayhugo.com\/index.php\/wp-json\/wp\/v2\/comments?post=50"}],"wp:featuredmedia":[{"embeddable":true,"href":"https:\/\/hugoshop.martinayhugo.com\/index.php\/wp-json\/wp\/v2\/media\/46"}],"wp:attachment":[{"href":"https:\/\/hugoshop.martinayhugo.com\/index.php\/wp-json\/wp\/v2\/media?parent=50"}],"wp:term":[{"taxonomy":"product_cat","embeddable":true,"href":"https:\/\/hugoshop.martinayhugo.com\/index.php\/wp-json\/wp\/v2\/product_cat?post=50"},{"taxonomy":"product_tag","embeddable":true,"href":"https:\/\/hugoshop.martinayhugo.com\/index.php\/wp-json\/wp\/v2\/product_tag?post=50"}],"curies":[{"name":"wp","href":"https:\/\/api.w.org\/{rel}","templated":true}]}}