{"id":49,"date":"2021-04-13T09:24:22","date_gmt":"2021-04-13T08:24:22","guid":{"rendered":"https:\/\/hugoshop.martinayhugo.com\/?post_type=product&#038;p=49"},"modified":"2024-05-09T20:00:47","modified_gmt":"2024-05-09T19:00:47","slug":"camiseta-oso-hbg","status":"publish","type":"product","link":"https:\/\/hugoshop.martinayhugo.com\/index.php\/product\/camiseta-oso-hbg\/","title":{"rendered":"Camiseta oso HBG"},"content":{"rendered":"","protected":false},"excerpt":{"rendered":"<p>Esta camiseta decid\u00ed hacerla ya que este fue el primer dibujo que hice en mi iPad, y me daba ilusi\u00f3n sacar este dise\u00f1o.<\/p>\n","protected":false},"featured_media":48,"comment_status":"open","ping_status":"closed","template":"","meta":[],"product_cat":[15],"product_tag":[],"class_list":{"0":"post-49","1":"product","2":"type-product","3":"status-publish","4":"has-post-thumbnail","6":"product_cat-uncategorized","8":"first","9":"instock","10":"shipping-taxable","11":"purchasable","12":"product-type-simple"},"aioseo_notices":[],"_links":{"self":[{"href":"https:\/\/hugoshop.martinayhugo.com\/index.php\/wp-json\/wp\/v2\/product\/49","targetHints":{"allow":["GET"]}}],"collection":[{"href":"https:\/\/hugoshop.martinayhugo.com\/index.php\/wp-json\/wp\/v2\/product"}],"about":[{"href":"https:\/\/hugoshop.martinayhugo.com\/index.php\/wp-json\/wp\/v2\/types\/product"}],"replies":[{"embeddable":true,"href":"https:\/\/hugoshop.martinayhugo.com\/index.php\/wp-json\/wp\/v2\/comments?post=49"}],"wp:featuredmedia":[{"embeddable":true,"href":"https:\/\/hugoshop.martinayhugo.com\/index.php\/wp-json\/wp\/v2\/media\/48"}],"wp:attachment":[{"href":"https:\/\/hugoshop.martinayhugo.com\/index.php\/wp-json\/wp\/v2\/media?parent=49"}],"wp:term":[{"taxonomy":"product_cat","embeddable":true,"href":"https:\/\/hugoshop.martinayhugo.com\/index.php\/wp-json\/wp\/v2\/product_cat?post=49"},{"taxonomy":"product_tag","embeddable":true,"href":"https:\/\/hugoshop.martinayhugo.com\/index.php\/wp-json\/wp\/v2\/product_tag?post=49"}],"curies":[{"name":"wp","href":"https:\/\/api.w.org\/{rel}","templated":true}]}}